{"id":10022,"date":"2023-08-02T18:19:59","date_gmt":"2023-08-02T23:19:59","guid":{"rendered":"https:\/\/clientes.burns.pe\/urbanova\/?page_id=10022"},"modified":"2023-09-22T18:00:55","modified_gmt":"2023-09-22T23:00:55","slug":"paso-28","status":"publish","type":"page","link":"https:\/\/clientes.burns.pe\/urbanova\/oficinas\/paso-28\/","title":{"rendered":"Paso 28"},"content":{"rendered":"","protected":false},"excerpt":{"rendered":"<p>Edificio de uso mixto y con una ubicaci\u00f3n privilegiada, en uno de los principales distritos tur\u00edsticos de la ciudad. Rodeado de la m\u00e1s completa oferta de servicios comerciales y de entretenimiento.<\/p>\n","protected":false},"author":4,"featured_media":10219,"parent":9948,"menu_order":0,"comment_status":"closed","ping_status":"closed","template":"detail-single-offices.php","meta":{"_seopress_robots_primary_cat":"","inline_featured_image":false},"acf":[],"lang":"es","translations":{"es":10022},"pll_sync_post":[],"_links":{"self":[{"href":"https:\/\/clientes.burns.pe\/urbanova\/wp-json\/wp\/v2\/pages\/10022"}],"collection":[{"href":"https:\/\/clientes.burns.pe\/urbanova\/wp-json\/wp\/v2\/pages"}],"about":[{"href":"https:\/\/clientes.burns.pe\/urbanova\/wp-json\/wp\/v2\/types\/page"}],"author":[{"embeddable":true,"href":"https:\/\/clientes.burns.pe\/urbanova\/wp-json\/wp\/v2\/users\/4"}],"replies":[{"embeddable":true,"href":"https:\/\/clientes.burns.pe\/urbanova\/wp-json\/wp\/v2\/comments?post=10022"}],"version-history":[{"count":11,"href":"https:\/\/clientes.burns.pe\/urbanova\/wp-json\/wp\/v2\/pages\/10022\/revisions"}],"predecessor-version":[{"id":12263,"href":"https:\/\/clientes.burns.pe\/urbanova\/wp-json\/wp\/v2\/pages\/10022\/revisions\/12263"}],"up":[{"embeddable":true,"href":"https:\/\/clientes.burns.pe\/urbanova\/wp-json\/wp\/v2\/pages\/9948"}],"wp:featuredmedia":[{"embeddable":true,"href":"https:\/\/clientes.burns.pe\/urbanova\/wp-json\/wp\/v2\/media\/10219"}],"wp:attachment":[{"href":"https:\/\/clientes.burns.pe\/urbanova\/wp-json\/wp\/v2\/media?parent=10022"}],"curies":[{"name":"wp","href":"https:\/\/api.w.org\/{rel}","templated":true}]}}