{"id":10661,"date":"2023-09-27T11:24:34","date_gmt":"2023-09-27T16:24:34","guid":{"rendered":"https:\/\/clientes.burns.pe\/urbanova\/?page_id=10661"},"modified":"2024-09-23T18:26:16","modified_gmt":"2024-09-23T23:26:16","slug":"flex","status":"publish","type":"page","link":"https:\/\/clientes.burns.pe\/urbanova\/flex\/","title":{"rendered":"Flex"},"content":{"rendered":"","protected":false},"excerpt":{"rendered":"","protected":false},"author":4,"featured_media":0,"parent":0,"menu_order":0,"comment_status":"closed","ping_status":"closed","template":"","meta":{"_seopress_robots_primary_cat":"","inline_featured_image":false},"acf":{"slider":{"list":[{"video_desktop":10841,"video_mobile":10842,"featured":11527,"legend":"S\u00e9 parte de la comunidad del futuro. Dise\u00f1amos el espacio ideal para que te enfoques en tu negocio.","is_video":false}]},"about":{"logo":10844,"title":"Espacios excepcionales para el futuro del trabajo flexible","description":"Sabemos que las organizaciones cambian y evolucionan constantemente, y que las empresas est\u00e1n buscando nuevas formas de adaptarse a estos cambios. Flex by Urbanova, ofrece oficinas flexibles y adaptables al tama\u00f1o de las operaciones de tu empresa, como respuestas a las distintas din\u00e1micas de trabajo.","video":"https:\/\/player.vimeo.com\/video\/1011805154"},"features":{"list":[{"title":"Oficinas privadas","important":true},{"title":"Premium","important":false},{"title":"Coworking","important":false},{"title":"Flexibles","important":true},{"title":"Bienestar","important":false},{"title":"Productividad","important":false},{"title":"Dise\u00f1adas a la medida","important":true}]},"spaces":{"title":"EL ESPACIO PERFECTO PARA CADA EMPRESA Y SU EQUIPO","list":[{"title":"Oficinas grandes","description":"Espacios de oficina flexibles y equipados para las distintas din\u00e1micas de trabajo. Con \u00e1reas internas comunes para impulsar la colaboraci\u00f3n y creatividad.","image":11535,"reserved":"RESERVA TU ESPACIO","color":"#d8e8fa"},{"title":"Oficinas medianas y peque\u00f1as","description":"Para equipos de trabajo que buscan espacios privados y personalizados.","image":11537,"reserved":"RESERVA TU ESPACIO","color":"#ffffff"},{"title":"Espacios Individuales","description":"Para personas que buscan espacios flexibles, con la posibilidad de acceso a \u00e1reas comunes y servicios compartidos.","image":11538,"reserved":"RESERVA TU ESPACIO","color":"#d8e8fa"}]},"zones":{"titulo":"ZONAS COMUNES","list":[{"image":11541,"title":"Terraza","description":"Creemos en los espacios innovadores y colaborativos que impulsan las buenas ideas y los negocios. En Flex contamos con una amplia terraza, donde tu equipo podr\u00e1 trabajar en un ambiente abierto y fresco, compartiendo y desarrollando comunidad.","availability":"DISPONIBLE PARA EVENTOS PRIVADOS"},{"image":11542,"title":"Community Lounge","description":"Espacio dise\u00f1ado para el bienestar de los equipos, ideal para recargar energ\u00edas y disfrutar de diversas comodidades y servicios.","availability":""},{"image":11543,"title":"Salas de reuniones","description":"Ofrecemos espacios premium con el mejor est\u00e1ndar del mercado, donde podr\u00e1s llevar a cabo reuniones presenciales, con todo lo que tu equipo necesita, como entradas HDMI y puntos de conexi\u00f3n en mesa. Nuestras salas tienen una capacidad de entre 8 a 14 ocupantes.","availability":""},{"image":11544,"title":"Anfiteatro","description":"Un espacio colaborativo \u00fanico en el mercado, donde podr\u00e1s realizar presentaciones para todo tu equipo o tus clientes. Contamos con una cortina para proyecciones de gran escala.","availability":""},{"image":11545,"title":"Phone booths","description":"Espacios privados dise\u00f1ados para potenciar la concentraci\u00f3n.","availability":""}]},"resources":{"title":"Todos los recursos que tu equipo necesita.","subtitle":"Servicios exclusivos y personalizados incluidos en la membres\u00eda.","list":[{"image":11547,"title":"Amenities","benefits":[{"icon":11937,"title":"Wifi Acces. <small>(Internet r\u00e1pido y seguro, independiente por compa\u00f1\u00eda).<\/small>"},{"icon":11939,"title":"Mobiliario ergon\u00f3mico."},{"icon":11942,"title":"Impresiones."},{"icon":11941,"title":"Material de oficina."},{"icon":11940,"title":"Membres\u00eda online."}]},{"image":11548,"title":"Servicios","benefits":[{"icon":11944,"title":"Community host."},{"icon":11949,"title":"Limpieza."},{"icon":11948,"title":"Alquiler, luz & agua."},{"icon":11947,"title":"Gesti\u00f3n de instalaciones."},{"icon":11946,"title":"Seguridad 24 \/ 7"},{"icon":11945,"title":"Eventos de comunidad."}]},{"image":11549,"title":"Servicios de bebida","benefits":[{"icon":11951,"title":"Caf\u00e9, T\u00e9 y agua."},{"icon":11952,"title":"Implementos de cocina."}]},{"image":11550,"title":"Espacios adicionales","benefits":[{"icon":11954,"title":"Anfiteatro."},{"icon":11958,"title":"Salas de reuniones."},{"icon":11957,"title":"Phone Booths."},{"icon":11956,"title":"Sala Sum.<br><small>(capacidad hasta 70 personas)<\/small>"},{"icon":11955,"title":"Terraza."}]}]},"location":{"box_image":{"image":10881,"benefits":[{"title":"Edificios corporativos","color":"#00327e"},{"title":"Tiendas comerciales","color":"#bc6e3c"},{"title":"Servicios, Conveniencia y Salud","color":"#5a96d7"},{"title":"Westin Lima Hotel & Convention Center","color":"#f0eae0"}]},"box_text":{"title":"S\u00e9 parte de la comunidad del futuro","subtitle":"UBICACI\u00d3N","description":"Nos encontramos ubicados en el coraz\u00f3n del centro financiero de San Isidro, en Paseo Begonias. Ofrecemos el espacio ideal para ti y tu equipo, visitantes, y turistas creando una comunidad urbana en un destino \u00fanico."}}},"lang":"es","translations":{"es":10661},"pll_sync_post":[],"_links":{"self":[{"href":"https:\/\/clientes.burns.pe\/urbanova\/wp-json\/wp\/v2\/pages\/10661"}],"collection":[{"href":"https:\/\/clientes.burns.pe\/urbanova\/wp-json\/wp\/v2\/pages"}],"about":[{"href":"https:\/\/clientes.burns.pe\/urbanova\/wp-json\/wp\/v2\/types\/page"}],"author":[{"embeddable":true,"href":"https:\/\/clientes.burns.pe\/urbanova\/wp-json\/wp\/v2\/users\/4"}],"replies":[{"embeddable":true,"href":"https:\/\/clientes.burns.pe\/urbanova\/wp-json\/wp\/v2\/comments?post=10661"}],"version-history":[{"count":40,"href":"https:\/\/clientes.burns.pe\/urbanova\/wp-json\/wp\/v2\/pages\/10661\/revisions"}],"predecessor-version":[{"id":11961,"href":"https:\/\/clientes.burns.pe\/urbanova\/wp-json\/wp\/v2\/pages\/10661\/revisions\/11961"}],"wp:attachment":[{"href":"https:\/\/clientes.burns.pe\/urbanova\/wp-json\/wp\/v2\/media?parent=10661"}],"curies":[{"name":"wp","href":"https:\/\/api.w.org\/{rel}","templated":true}]}}