{"id":12086,"date":"2024-12-17T03:49:53","date_gmt":"2024-12-17T08:49:53","guid":{"rendered":"https:\/\/clientes.burns.pe\/urbanova\/?page_id=12086"},"modified":"2024-12-30T15:47:40","modified_gmt":"2024-12-30T20:47:40","slug":"reclutamiento","status":"publish","type":"page","link":"https:\/\/clientes.burns.pe\/urbanova\/reclutamiento\/","title":{"rendered":"Reclutamiento"},"content":{"rendered":"","protected":false},"excerpt":{"rendered":"","protected":false},"author":4,"featured_media":0,"parent":0,"menu_order":0,"comment_status":"closed","ping_status":"closed","template":"page-reclutamiento.php","meta":{"_seopress_robots_primary_cat":"","inline_featured_image":false},"acf":{"slider_page":[{"title":"Nuestro equipo","desciption":"Transformamos la ciudad con la que so\u00f1amos a trav\u00e9s del desarrollo de nuestro talento","image_desktop":12223,"image_mobile":12225},{"title":"Nuestro equipo","desciption":"Transformamos la ciudad con la que so\u00f1amos a trav\u00e9s del desarrollo de nuestro talento","image_desktop":12226,"image_mobile":12228},{"title":"Nuestro equipo","desciption":"Transformamos la ciudad con la que so\u00f1amos a trav\u00e9s del desarrollo de nuestro talento","image_desktop":12227,"image_mobile":12229}],"section_description":"<b>Un gran prop\u00f3sito para una gran ciudad<\/b>. Desde hace m\u00e1s de 100 a\u00f1os, venimos creando, desarrollando y gestionando la ciudad con la que so\u00f1amos: Una ciudad llena de espacios que mejoran la calidad de vida de las personas, que generan experiencias \u00fanicas e irrepetibles y que dejan legado y un impacto positivo en la ciudad.","section_video":{"title":"","subtitle":"VAMOS, URBANOVA","description":"Somos conscientes que nuestra gente es el reflejo\r\ndirecto de la organizaci\u00f3n y que ellos son los\r\nactores principales en la ejecuci\u00f3n de nuestro\r\nprop\u00f3sito.","parrafo2":"Una cultura basada en cinco grandes valores que tienen como objetivo llevarle bienestar a las personas, actuar y pensar con agilidad, unir y generar valor compartido, romper el status quo para superarnos d\u00eda a d\u00eda y dejar legado y trascendencia en todo lo que hacemos.","iframe":"https:\/\/player.vimeo.com\/video\/1036423689"},"section_offices":{"title":"<span>Vamos! Es la cultura de Urbanova que te invita<\/span> <span>a construir, est\u00e9s donde est\u00e9s, una mejor ciudad.<\/span>","subtitle":"CULTURA"},"section_spaces_title":"CULTURA VAMOS","list_spaces":[{"title":"Personas primero","description":"El desarrollo y bienestar de nuestros colaboradores, clientes y usuarios ser\u00e1 siempre nuestra prioridad. Son ellas quienes gu\u00edan nuestro trabajo y por quienes nos esforzamos construyendo una mejor cuidad d\u00eda a d\u00eda.","image":12231},{"title":"Hacemos que las cosas pasen","description":"Nos atrevemos a hacer realidad nuestros sue\u00f1os e ideas. Miramos hacia adelante y avanzamos actuando de forma \u00e1gil y disruptiva, haciendo las cosas bien, siempre.","image":12232},{"title":"Juntos podemos m\u00e1s","description":"Tenemos muy claro que trabajando juntos alcanzaremos los objetivos propuestos. Solo unidos lograremos una verdadera diferencia en la ciudad y la vida de las personas.","image":12233},{"title":"Siempre mejor que ayer","description":"Buscamos superarnos constantemente. Tenemos siempre los ojos sobre una nueva meta y avanzamos cosechando logros. La evoluci\u00f3n es lo que nos mantiene activos y el futuro nos entusiasma.","image":12234},{"title":"Vivimos por una mejor ciudad","description":"Todo lo que hacemos se resume en c\u00f3mo transformamos la ciudad. Queremos mantener vivo un legado que impacte en las personas y sirva como fuente de inspiraci\u00f3n para el mercado.","image":12235}],"section_sostenibilidad":{"title":"Te invitamos a conocer nuestra Escuela Corporativa de Aprendizaje","subtitle":"IMPULSA","download_report":"","carrousel":[{"subtitle":"ESCUELA","title":"NORMATIVA","description":"A trav\u00e9s de la capacitaci\u00f3n y sensibilizaci\u00f3n continua en conocimientos normativos, reducimos riesgos, incrementamos la seguridad en el trabajo y cumplimos con la Ley.","image":12237},{"subtitle":"ESCUELA","title":"DE LIDERAZGO","description":"Preparamos una nueva generaci\u00f3n de l\u00edderes capaces de abordar desaf\u00edos actuales y futuros, implementando estrategias que impulsen el negocio y desarrollen equipos de trabajo de alto desempe\u00f1o","image":12238},{"subtitle":"ESCUELA","title":"DE SERVICIO","description":"Desarrollamos capacidades en el equipo de Urbanova a fin de impactar en la creaci\u00f3n de experiencias inolvidables para nuestros clientes y usuarios.","image":12239},{"subtitle":"ESCUELA","title":"DE MANTENIMIENTO","description":"Promovemos la multihabilidad en nuestro equipo de mantenimiento, capacit\u00e1ndolo continuamente en gesti\u00f3n de mantenimiento y habilidades blandas.","image":12240},{"subtitle":"ESCUELA","title":"DE SOSTENIBILIDAD","description":"Fomentamos la toma de conciencia sobre el impacto que nuestros h\u00e1bitos tienen en el mundo en el que vivimos.","image":12241}]},"carrousel_title":"PROGRAMA DE BENEFICIOS SUMA","carrousel_partners":[{"image":12245,"title":"Cuidamos tu salud","description":"Desarrollamos campa\u00f1as de salud integral para nuestro equipo y sus familias."},{"image":12246,"title":"Cuidamos tus finanzas","description":"Promovemos el buen manejo de las finanzas personales para que nuestros colaboradores alcancen sus objetivos financieros con \u00e9xito."},{"image":12247,"title":"Balance vida y trabajo","description":"Todo nuestro equipo puede disfrutar de la actividad f\u00edsica, bienestar y divertirse a trav\u00e9s de actividades que generan un espacio de comunidad y confianza."}],"section_hero":{"title":"Nos esforzamos por crear un ambiente de trabajo en el que nuestro equipo pueda desarrollarse de manera adecuada, encontrando bienestar.","image_feature":12243,"cover":"","gallery":null},"section_gallery":{"cover":12251,"gallery":[{"image":12253},{"image":12254}]},"section_video_promocional":{"title":"","subtitle":"Familias saludables","description":"El Programa Familias Saludables tiene por finalidad impactar en el bienestar de cada miembro de su equipo y familias, promoviendo un ambiente seguro f\u00edsico y psicol\u00f3gico, alineado a su prop\u00f3sito: \u201cImpulsamos la ciudad con la que so\u00f1amos, creando espacios que trascienden y unen personas\u201d.","iframe":"https:\/\/player.vimeo.com\/video\/1036432107"},"section_hero_2":{"title":"Promovemos el talento y desarrollo de nuestro equipo, creando espacios que demuestren que somos una empresa que transforma la ciudad desde su gente.","image_feature":12249},"testimonial":{"titulo":"TESTIMONIOS DE NUESTRO EQUIPO","lista_testimonios":[{"persona":"Giovana Bernal","cargo":"Coordinadora de Compensaciones","contenido":"En Urbanova creemos que la experiencia de un ambiente de trabajo agradable motiva y permite desarrollar nuestro talento al m\u00e1ximo. Es por ello, que nuestro Programa Suma, ha sido creado, con el objetivo de lograr el bienestar integral de nuestro equipo y sus familias."},{"persona":"Jackeline Pimentel","cargo":"Coordinadora de Talento","contenido":"Impulsar espacios que trascienden y unen personas significa que potenciamos el desarrollo de capacidades e impulsamos el aprendizaje continuo de nuestro equipo."}]}},"lang":"es","translations":{"es":12086},"pll_sync_post":[],"_links":{"self":[{"href":"https:\/\/clientes.burns.pe\/urbanova\/wp-json\/wp\/v2\/pages\/12086"}],"collection":[{"href":"https:\/\/clientes.burns.pe\/urbanova\/wp-json\/wp\/v2\/pages"}],"about":[{"href":"https:\/\/clientes.burns.pe\/urbanova\/wp-json\/wp\/v2\/types\/page"}],"author":[{"embeddable":true,"href":"https:\/\/clientes.burns.pe\/urbanova\/wp-json\/wp\/v2\/users\/4"}],"replies":[{"embeddable":true,"href":"https:\/\/clientes.burns.pe\/urbanova\/wp-json\/wp\/v2\/comments?post=12086"}],"version-history":[{"count":41,"href":"https:\/\/clientes.burns.pe\/urbanova\/wp-json\/wp\/v2\/pages\/12086\/revisions"}],"predecessor-version":[{"id":12255,"href":"https:\/\/clientes.burns.pe\/urbanova\/wp-json\/wp\/v2\/pages\/12086\/revisions\/12255"}],"wp:attachment":[{"href":"https:\/\/clientes.burns.pe\/urbanova\/wp-json\/wp\/v2\/media?parent=12086"}],"curies":[{"name":"wp","href":"https:\/\/api.w.org\/{rel}","templated":true}]}}