{"id":6526,"date":"2022-07-31T20:44:18","date_gmt":"2022-08-01T01:44:18","guid":{"rendered":"https:\/\/urbanova.com\/?page_id=6526"},"modified":"2025-10-16T14:53:39","modified_gmt":"2025-10-16T19:53:39","slug":"conocenos","status":"publish","type":"page","link":"https:\/\/clientes.burns.pe\/urbanova\/conocenos\/","title":{"rendered":"Nosotros"},"content":{"rendered":"<p>[vc_row][vc_column]<div class=\"banners-caorusel-container banners-caorusel-container--full-width banners-caorusel-container--single\">\n    <div class=\"ms-wrapper-slider\">\n        <div class=\"ms-slider ms-banners-carousel\">\n            <div class=\"ms-item\">\n    <div class=\"ms-wrapper-item\">\n        <h1 class=\"ms-title\">\n            <span class=\"ms-wrapper-text\">\n                M\u00e1s de 100 a\u00f1os impulsando la ciudad con la que so\u00f1amos\n                            <\/span>\n        <\/h1>\n        <img src=\"https:\/\/clientes.burns.pe\/urbanova\/wp-content\/uploads\/2023\/05\/ventana-conocenos-banner.jpg\" alt=\"\">\n    <\/div>\n<\/div>\n        <\/div>\n        <div class=\"ms-wrapper-btn\">\n            <button class=\"ms-btn-prev ms-banners-carousel-prev\"><span class=\"icon-arrows-left\"><\/span><\/button>\n            <button class=\"ms-btn-next ms-banners-carousel-next\"><span class=\"icon-arrows-left\"><\/span><\/button>\n        <\/div>\n    <\/div>\n<\/div>\n[\/vc_column][\/vc_row][vc_row simple_background_color=&#8221;#ffffff&#8221; css=&#8221;.vc_custom_1675228505460{background-color: #ffffff !important;}&#8221; el_id=&#8221;carousel_first&#8221;][vc_column css=&#8221;.vc_custom_1655535798804{background-color: #ffffff !important;}&#8221;][vc_row_inner row_content_width=&#8221;grid&#8221;][vc_column_inner width=&#8221;5\/12&#8243; css=&#8221;.vc_custom_1655749132496{padding-right: 30px !important;padding-bottom: 50px !important;padding-left: 30px !important;}&#8221;][vc_empty_space]<div class=\"eltdf-section-title-holder ms-title nosotros-title eltdf-st-standard eltdf-st-title-left eltdf-st-normal-space \" >\n\t<div class=\"eltdf-st-inner\">\n\t\t\t\t\t<h1 class=\"eltdf-st-title\" style=\"color: #00327e\">\n\t\t\t\tConectamos a las personas.\t\t\t<\/h1>\n\t\t\t\t\t\t\t<\/div>\n<\/div>[vc_empty_space height=&#8221;10px&#8221;][vc_column_text]<\/p>\n<div style=\"margin: 0 auto; color: #00327e;\">Para que un espacio sea trascendente; debe hacer mucho m\u00e1s que solo transformar la ciudad, debe ser parte de la vida de sus ciudadanos. Por eso, desarrollamos ecosistemas inmobiliarios innovadores de primer nivel: Espacios de Trabajo Prime, Destinos Urbanos, Espacios Retail y Hoteles. Nuestro foco siempre est\u00e1 y ser\u00e1n las personas<\/div>\n<p>[\/vc_column_text][vc_empty_space height=&#8221;20px&#8221;]<a itemprop=\"url\" href=\"https:\/\/youtu.be\/Ti_1iToKb-0\" target=\"_blank\" style=\"color: #00327e;background-color: #ffffff;border-color: #00327e;text-transform: none\" class=\"eltdf-btn eltdf-btn-medium eltdf-btn-solid eltdf-btn-custom-hover-bg eltdf-btn-custom-border-hover eltdf-btn-custom-hover-color\" data-hover-color=\"#ffffff\" data-hover-bg-color=\"#00327e\" data-hover-border-color=\"#00327e\" >\n    <span class=\"eltdf-btn-text\">Conoce m\u00e1s<\/span>\n    <\/a>[\/vc_column_inner][vc_column_inner width=&#8221;7\/12&#8243;][vc_single_image image=&#8221;6534&#8243; img_size=&#8221;full&#8221; alignment=&#8221;right&#8221;][\/vc_column_inner][\/vc_row_inner][\/vc_column][\/vc_row][vc_row][vc_column][vc_empty_space height=&#8221;50px&#8221;][\/vc_column][\/vc_row][vc_row row_content_width=&#8221;grid&#8221; css=&#8221;.vc_custom_1659322189143{padding-right: 10px !important;padding-left: 10px !important;background-color: #00327e !important;}&#8221; simple_background_color=&#8221;#00327e&#8221;][vc_column width=&#8221;1\/12&#8243;][\/vc_column][vc_column width=&#8221;10\/12&#8243;][vc_empty_space height=&#8221;60px&#8221;]<div class=\"eltdf-section-title-holder ms-title eltdf-st-standard eltdf-st-title-left eltdf-st-normal-space \" style=\"text-align: center\">\n\t<div class=\"eltdf-st-inner\">\n\t\t\t\t\t<h1 class=\"eltdf-st-title\" style=\"color: #ffffff\">\n\t\t\t\tUn poco de historia\t\t\t<\/h1>\n\t\t\t\t\t\t\t<\/div>\n<\/div>[vc_column_text]<\/p>\n<div style=\"margin: 0 auto;\">\n<p style=\"font-size: 18px; color: #ffffff; text-align: center;\">Nuestra historia inici\u00f3 hace m\u00e1s de 100 a\u00f1os, y representa la evoluci\u00f3n del sector inmobiliario en el pa\u00eds, que es la base de nuestro prop\u00f3sito.<\/p>\n<\/div>\n<p>[\/vc_column_text][vc_empty_space height=&#8221;60px&#8221;][vc_raw_html]JTNDZGl2JTIwY2xhc3MlM0QlMjJncmlkLXRpbWVsaW5lJTIyJTNFJTBBJTA5JTBBJTNDZGl2JTIwY2xhc3MlM0QlMjJncmlkLWl0ZW0lMjIlM0UlMEElMDklM0NoMyUzRTE5MDQlMjAtJTIwMTkyOSUzQyUyRmgzJTNFJTBBJTNDcCUzRUluaWNpYSUyMG51ZXN0cmElMjBhcHVlc3RhJTIwaW5tb2JpbGlhcmlhJTJDJTIwY29uJTIwbGElMjBjb21wcmElMjBkZSUyMExhJTIwSGFjaWVuZGElMjBMaW1hdGFtYm8lMjB5JTIwRnVuZG8lMjBTYW4lMjBCb3JqYS4lMjBDb25vY2lkb3MlMjBob3klMjBjb21vJTIwY2wlQzMlQkFzdGVyJTIwQmVnb25pYXMlMjB5JTIwY2wlQzMlQkFzdGVyJTIwU2FuJTIwQm9yamEuJTNDJTJGcCUzRSUwQSUzQyUyRmRpdiUzRSUwQSUwQSUzQ2RpdiUyMGNsYXNzJTNEJTIyZ3JpZC1pdGVtJTIyJTNFJTBBJTNDaDMlM0UxOTUzJTNDJTJGaDMlM0UlMEElM0NwJTNFQ29uc3RydWltb3MlMjBlbCUyMGVkaWZpY2lvJTIwTGltYXRhbWJvJTJDJTIwcmVjb25vY2lkbyUyMHBvciUyMHN1JTIwaWMlQzMlQjNuaWNvJTIwbGV0cmVybyUyMGRlJTIwQ29jYSUyMENvbGElMkMlMjBlbiUyMGxhJTIwYXZlbmlkYSUyMEphdmllciUyMFByYWRvJTJDJTIwdW5hJTIwZGUlMjBsYXMlMjBwcmluY2lwYWxlcyUyMHYlQzMlQURhcyUyMGRlJTIwYWNjZXNvJTIwZW4lMjBsYSUyMGNpdWRhZC4lMjBFc2UlMjBtaXNtbyUyMGElQzMlQjFvJTJDJTIwaW5hdWd1cmFtb3MlMjBlbCUyMGZhbW9zbyUyMENlbnRybyUyMENvbWVyY2lhbCUyMFNFQVJTJTJDJTIwZWwlMjBjdWFsJTIwZGlvJTIwaW5pY2lvJTIwYSUyMGxhcyUyMHByaW1lcmFzJTIwYWN0aXZpZGFkZXMlMjBjb21lcmNpYWxlcyUyMGVuJTIwZWwlMjBkaXN0cml0byUyMGRlJTIwU2FuJTIwSXNpZHJvLiUzQyUyRnAlM0UlMEElM0MlMkZkaXYlM0UlMEElMEElM0NkaXYlMjBjbGFzcyUzRCUyMmdyaWQtaXRlbSUyMiUzRSUwQSUzQ2gzJTNFMTk2MCUyMC0lMjAxOTc1JTNDJTJGaDMlM0UlMEElM0NwJTNFSW5pY2lhbW9zJTIwdW5hJTIwbnVldmElMjBldGFwYSUyMGRlJTIwdXJiYW5pemFjaSVDMyVCM24lMkMlMjBjb21lbnphbmRvJTIwY29uJTIwbGElMjBVcmJhbml6YWNpJUMzJUIzbiUyMExpbWF0YW1iby4lMjBEZXNhcnJvbGxhbW9zJTIweSUyMGNvbnN0cnVpbW9zJTIwbG9zJTIwZWRpZmljaW9zJTIwUGxhemElMjBkZWwlMjBTb2wlMjB5JTIwRWwlMjBDb25zb3JjaW8lMjBlbiUyMGVsJTIwY2VudHJvJTIwZmluYW5jaWVybyUyMGRlJTIwU2FuJTIwSXNpZHJvLiUzQyUyRnAlM0UlMEElM0MlMkZkaXYlM0UlMEElMEElM0NkaXYlMjBjbGFzcyUzRCUyMmdyaWQtaXRlbSUyMiUzRSUwQSUzQ2gzJTNFMjAxMSUzQyUyRmgzJTNFJTBBJTNDcCUzRUluYXVndXJhbW9zJTIwVGhlJTIwV2VzdGluJTIwTGltYSUyMEhvdGVsJTIwJTI2JTIwQ29udmVudGlvbiUyMENlbnRlciUyQyUyMHVuJTIwZ3JhbiUyMGNhbWJpbyUyMGVuJTIwZWwlMjBwYW5vcmFtYSUyMHVyYmFubyUyMGRlJTIwU2FuJTIwSXNpZHJvLiUzQyUyRnAlM0UlMEElM0MlMkZkaXYlM0UlMEElMEElM0NkaXYlMjBjbGFzcyUzRCUyMmdyaWQtaXRlbSUyMiUzRSUwQSUzQ2gzJTNFMjAxMiUzQyUyRmgzJTNFJTBBJTNDcCUzRU5hY2UlMjBVcmJhbm92YSUyMElubW9iaWxpYXJpYSUyMHklMkMlMjBlc2UlMjBtaXNtbyUyMGElQzMlQjFvJTJDJTIwaW5pY2lhbW9zJTIwbGElMjBjb25zdHJ1Y2NpJUMzJUIzbiUyMGRlJTIwbnVlc3RybyUyMHByaW1lciUyMGdyYW4lMjBjZW50cm8lMjBjb21lcmNpYWwlM0ElMjBMYSUyMFJhbWJsYSUyMFNhbiUyMEJvcmphLiUzQyUyRnAlM0UlMEElM0MlMkZkaXYlM0UlMEElMEElM0NkaXYlMjBjbGFzcyUzRCUyMmdyaWQtaXRlbSUyMiUzRSUwQSUzQ2gzJTNFMjAxMyUyMC0lMjAyMDE0JTNDJTJGaDMlM0UlMEElM0NwJTNFSW5pY2lhbW9zJTIwY29uJTIwZ3JhbmRlcyUyMGRlc2Fycm9sbG9zJTIwcGFyYSUyMGxhJTIwY2l1ZGFkLiUyMEVuJTIwU2FuJTIwSXNpZHJvJTIwaW5hdWd1cmFtb3MlMjBUb3JyZSUyMEJlZ29uaWFzJTJDJTIwcmVjb25vY2lkbyUyMGNvbW8lMjB1bm8lMjBkZSUyMGxvcyUyMGVkaWZpY2lvcyUyMGljJUMzJUIzbmljb3MlMjB5JTIwbSVDMyVBMXMlMjBhbHRvcyUyMGRlJTIwTGltYSUyQyUyMGhhc3RhJTIwbGElMjBhY3R1YWxpZGFkLiUyMEVuJTIwTWlyYWZsb3JlcyUyQyUyMGluYXVndXJhbW9zJTIwUGFzbyUyMDI4JTIwZGUlMjBKdWxpbyUyQyUyMG51ZXN0cm8lMjBwcmltZXIlMjBlZGlmaWNpbyUyMGNvcnBvcmF0aXZvJTIwaW50ZWdyYWRvJTIwYSUyMHVuJTIwc3RyZWV0JTIwbWFsbC4lMjBFbiUyMFNhbiUyMEJvcmphJTJDJTIwaW5hdWd1cmFtb3MlMjBsb3MlMjBlZGlmaWNpb3MlMjBUb3JyZSUyMFVubyUyMHklMjBUb3JyZSUyMERvcy4lM0MlMkZwJTNFJTBBJTNDJTJGZGl2JTNFJTBBJTBBJTNDZGl2JTIwY2xhc3MlM0QlMjJncmlkLWl0ZW0lMjIlM0UlMEElM0NoMyUzRTIwMTclM0MlMkZoMyUzRSUwQSUzQ3AlM0VFc2UlMjBhJUMzJUIxbyUyMGNvbnN0cnVpbW9zJTIwVG9ycmUlMjBkZWwlMjBBcnRlJTIwZW4lMjBTYW4lMjBCb3JqYSUyQyUyMGNvbnZpcnRpJUMzJUE5bmRvc2UlMjBlbiUyMGxhJTIwYmFzZSUyMGRlJTIwbGElMjBjcmVhY2klQzMlQjNuJTIwZGUlMjBDbCVDMyVCQXN0ZXIlMjBTYW4lMjBCb3JqYSUyQyUyMHNpZW5kbyUyMGhveSUyMHVuYSUyMGRlJTIwbGFzJTIwem9uYXMlMjBnYXN0cm9uJUMzJUIzbWljYXMlMjBtJUMzJUExcyUyMGltcG9ydGFudGUlMjBkZWwlMjBkaXN0cml0by4lMjBFbiUyMFNhbiUyMElzaWRybyUyQyUyMGN1bG1pbmFtb3MlMjBUb3JyZSUyMGRlbCUyMFBhcnF1ZSUyMEklMkMlMjBkYW5kbyUyMGluaWNpbyUyMGElMjBsYSUyMGNvbnNvbGlkYWNpJUMzJUIzbiUyMGRlbCUyMGNsdXN0ZXIlMjBCZWdvbmlhcy4lM0MlMkZwJTNFJTBBJTNDJTJGZGl2JTNFJTBBJTBBJTNDZGl2JTIwY2xhc3MlM0QlMjJncmlkLWl0ZW0lMjIlM0UlMEElM0NoMyUzRTIwMTklMjAtJTIwMjAyMCUzQyUyRmgzJTNFJTBBJTNDcCUzRUluaWNpYW1vcyUyMGNvbiUyMG11Y2hvJTIwZW50dXNpYXNtbyUyMGxhJTIwb2JyYSUyMGRlJTIwbnVlc3RybyUyMHByb3llY3RvJTIwVG9ycmUlMjBkZWwlMjBQYXJxdWUlMjBJSSUyQyUyMGVkaWZpY2lvJTIwZ2VtZWxvJTIwYSUyMFRvcnJlJTIwZGVsJTIwUGFycXVlJTIwSSUyQyUyMGN1bG1pbmFtb3MlMjBjb24lMjAlQzMlQTl4aXRvJTIwdW5vJTIwZGUlMjBsb3MlMjBwcm95ZWN0b3MlMjBtJUMzJUExcyUyMHNvc3RlbmlibGVzJTJDJTIwbWFyY2FuZG8lMjB1biUyMGhpdG8lMjBlbiUyMGxhJTIwaGlzdG9yaWElMjB5JTIwZWwlMjBkaXN0cml0by4lM0MlMkZwJTNFJTBBJTNDJTJGZGl2JTNFJTBBJTBBJTNDZGl2JTIwY2xhc3MlM0QlMjJncmlkLWl0ZW0lMjIlM0UlMEElM0NoMyUzRTIwMjIlM0MlMkZoMyUzRSUwQSUzQ3AlM0VBc3VtaW1vcyUyMGxhJTIwZ2VzdGklQzMlQjNuJTIwZGUlMjBsb3MlMjBhY3Rpdm9zJTIwaG90ZWxlcm9zJTIwZGUlMjBJbnR1cnNhJTJDJTIwY29uc29saWRhbmRvbm9zJTIwY29tbyUyMHVuYSUyMGlubW9iaWxpYXJpYSUyMGRlJTIwY2xhc2UlMjBtdW5kaWFsJTIwY29uJTIwcHJlc2VuY2lhJTIwZW4lMjBvZmljaW5hcyUyQyUyMHJldGFpbCUyMHklMjBob3RlbGVyJUMzJUFEYS4lM0MlMkZwJTNFJTBBJTNDJTJGZGl2JTNFJTBBJTNDJTJGZGl2JTNF[\/vc_raw_html][vc_empty_space]<div class=\"eltdf-clients-carousel-holder eltdf-image-wiht-text-carousel \">\n\t<div class=\"eltdf-cc-inner eltdf-owl-slider\" data-number-of-items=\"1\" data-enable-loop=\"yes\" data-enable-autoplay=\"yes\" data-slider-speed=\"5000\" data-slider-speed-animation=\"600\" data-enable-navigation=\"no\" data-enable-pagination=\"no\">\n\t\t\t<\/div>\n<\/div>\n[\/vc_column][vc_column width=&#8221;1\/12&#8243;][\/vc_column][\/vc_row][vc_row row_content_width=&#8221;grid&#8221;][vc_column][vc_empty_space height=&#8221;45px&#8221;]<div class=\"eltdf-section-title-holder ms-title eltdf-st-standard eltdf-st-title-left eltdf-st-normal-space \" style=\"text-align: center\">\n\t<div class=\"eltdf-st-inner\">\n\t\t\t\t\t<h1 class=\"eltdf-st-title\" style=\"color: #00327e\">\n\t\t\t\tSomos personas creando para m\u00e1s personas\t\t\t<\/h1>\n\t\t\t\t\t\t\t<\/div>\n<\/div>[vc_empty_space height=&#8221;15px&#8221;][vc_column_text]<\/p>\n<div style=\"margin: 0 auto; color: #00327e;\">\n<p style=\"font-size: 17px; text-align: center;\">Una cultura enfocada en 5 pilares y un prop\u00f3sito que busca transformar la ciudad<br \/>\npara mejorar la calidad de vida de las personas.<\/p>\n<\/div>\n<p>[\/vc_column_text][vc_empty_space height=&#8221;35px&#8221;][vc_row_inner][vc_column_inner width=&#8221;1\/3&#8243;][vc_single_image image=&#8221;6565&#8243; img_size=&#8221;full&#8221; alignment=&#8221;center&#8221;][vc_column_text]<\/p>\n<p style=\"text-align: center; color: #00327e; font-weight: 600; font-size: 15px;\">Personas primero<\/p>\n<p>[\/vc_column_text][vc_column_text]<\/p>\n<p style=\"text-align: center; color: #00327e;\">El desarrollo y bienestar de nuestros colaboradores, clientes y usuarios ser\u00e1 siempre nuestra prioridad. Son ellas quienes gu\u00edan nuestro trabajo y por quienes nos esforzamos construyendo una mejor ciudad d\u00eda a d\u00eda.<\/p>\n<p>[\/vc_column_text][vc_empty_space height=&#8221;40px&#8221;][\/vc_column_inner][vc_column_inner width=&#8221;1\/3&#8243;][vc_single_image image=&#8221;6566&#8243; img_size=&#8221;full&#8221; alignment=&#8221;center&#8221;][vc_column_text]<\/p>\n<p style=\"text-align: center; color: #00327e; font-weight: 600; font-size: 15px;\">Hacemos que las cosas pasen<\/p>\n<p>[\/vc_column_text][vc_column_text]<\/p>\n<p style=\"text-align: center; color: #00327e;\">Nos atrevemos a hacer realidad nuestros sue\u00f1os e ideas. Miramos hacia adelante y avanzamos actuando de forma \u00e1gil y disruptiva, haciendo las cosas bien, siempre.<\/p>\n<p>[\/vc_column_text][vc_empty_space height=&#8221;40px&#8221;][\/vc_column_inner][vc_column_inner width=&#8221;1\/3&#8243;][vc_single_image image=&#8221;6569&#8243; img_size=&#8221;full&#8221; alignment=&#8221;center&#8221;][vc_column_text]<\/p>\n<p style=\"text-align: center; color: #00327e; font-weight: 600; font-size: 15px;\">Juntos podemos m\u00e1s<\/p>\n<p>[\/vc_column_text][vc_column_text]<\/p>\n<p style=\"text-align: center; color: #00327e;\">Tenemos muy claro que trabajando juntos alcanzaremos los objetivos propuestos. Solo unidos lograremos una verdadera diferencia en la ciudad y la vida de las personas.<\/p>\n<p>[\/vc_column_text][vc_empty_space height=&#8221;40px&#8221;][\/vc_column_inner][\/vc_row_inner][vc_row_inner][vc_column_inner width=&#8221;1\/4&#8243;][\/vc_column_inner][vc_column_inner width=&#8221;1\/4&#8243;][vc_single_image image=&#8221;6567&#8243; img_size=&#8221;full&#8221; alignment=&#8221;center&#8221;][vc_column_text]<\/p>\n<p style=\"text-align: center; color: #00327e; font-weight: 600; font-size: 15px;\">Siempre mejor que ayer<\/p>\n<p>[\/vc_column_text][vc_column_text]<\/p>\n<p style=\"text-align: center; color: #00327e;\">Buscamos superarnos constantemente. Tenemos siempre los ojos sobre una nueva meta y avanzamos cosechando logros. La evoluci\u00f3n es lo que nos mantiene activos y el futuro nos entusiasma.<\/p>\n<p>[\/vc_column_text][vc_empty_space height=&#8221;40px&#8221;][\/vc_column_inner][vc_column_inner width=&#8221;1\/4&#8243;][vc_single_image image=&#8221;6980&#8243; img_size=&#8221;full&#8221; alignment=&#8221;center&#8221;][vc_column_text]<\/p>\n<p style=\"text-align: center; color: #00327e; font-weight: 600; font-size: 15px;\">Vivimos por una mejor ciudad<\/p>\n<p>[\/vc_column_text][vc_column_text]<\/p>\n<p style=\"text-align: center; color: #00327e;\">Todo lo que hacemos se resume en c\u00f3mo transformamos la ciudad. Queremos mantener vivo un legado que impacte en las personas y sirva como fuente de inspiraci\u00f3n para el mercado.<\/p>\n<p>[\/vc_column_text][vc_empty_space height=&#8221;40px&#8221;][\/vc_column_inner][vc_column_inner width=&#8221;1\/4&#8243;][\/vc_column_inner][\/vc_row_inner][\/vc_column][\/vc_row][vc_row simple_background_color=&#8221;#f8f8f8&#8243;][vc_column][vc_empty_space height=&#8221;60px&#8221;][vc_empty_space height=&#8221;70px&#8221;][\/vc_column][\/vc_row][vc_row][vc_column][vc_raw_js]JTNDbGluayUyMGhyZWYlM0QlMjIlMjBodHRwcyUzQSUyRiUyRmNkbi5qc2RlbGl2ci5uZXQlMkZucG0lMkZzbGljay1jYXJvdXNlbCU0MDEuOC4xJTJGc2xpY2slMkZzbGljay5taW4uY3NzJTIwJTIyJTIwcmVsJTNEJTIyc3R5bGVzaGVldCUyMiUzRSUwQSUzQ3NjcmlwdCUyMHR5cGUlM0QlMjJ0ZXh0JTJGamF2YXNjcmlwdCUyMiUyMHNyYyUzRCUyMiUyRiUyRmNvZGUuanF1ZXJ5LmNvbSUyRmpxdWVyeS0xLjExLjAubWluLmpzJTIyJTNFJTNDJTJGc2NyaXB0JTNFJTBBJTNDc2NyaXB0JTIwc3JjJTNEJTIyJTIwaHR0cHMlM0ElMkYlMkZjZG4uanNkZWxpdnIubmV0JTJGbnBtJTJGc2xpY2stY2Fyb3VzZWwlNDAxLjguMSUyRnNsaWNrJTJGc2xpY2subWluLmpzJTIwJTIyJTNFJTNDJTJGc2NyaXB0JTNFJTBBJTNDc2NyaXB0JTIwdHlwZSUzRCUyMnRleHQlMkZqYXZhc2NyaXB0JTIyJTNFJTBBJTIwJTIwJTIwJTIwJTI0JTI4ZG9jdW1lbnQlMjkucmVhZHklMjhmdW5jdGlvbiUyOCUyOSU3QiUwQSUyMCUyMCUyMCUyMCUyMCUyMCUyNCUyOCUyNyUyM2Nhcm91c2VsX2ZpcnN0JTIwJTNFJTIwLndwYl9jb2x1bW4lMjAlM0UlMjAudmNfY29sdW1uLWlubmVyJTIwJTNFJTIwLndwYl93cmFwcGVyJTI3JTI5LnNsaWNrJTI4JTdCJTBBJTIwJTIwJTIwJTIwJTIwJTIwJTIwJTIwc2xpZGVzVG9TaG93JTNBJTIwMSUyQyUwQSUyMCUyMCUyMCUyMCUyMCUyMCUyMCUyMHNsaWRlc1RvU2Nyb2xsJTNBJTIwMSUyQyUwQSUyMCUyMCUyMCUyMCUyMCUyMCUyMCUyMGFycm93cyUzQSUyMGZhbHNlJTJDJTBBJTIwJTIwJTIwJTIwJTIwJTIwJTIwJTIwZG90cyUzQSUyMHRydWUlMkMlMEElMjAlMjAlMjAlMjAlMjAlMjAlMjAlMjBhdXRvcGxheSUzQSUyMHRydWUlMkMlMEElMjAlMjAlMjAlMjAlMjAlMjAlMjAlMjBhdXRvcGxheVNwZWVkJTNBJTIwMjAwMCUyQyUwQSUyMCUyMCUyMCUyMCUyMCUyMCU3RCUyOSUzQiUwQSUyMCUyMCUyMCUyMCUyMCUyMCUyNCUyOCUyNy5ncmlkLXRpbWVsaW5lJTI3JTI5LnNsaWNrJTI4JTdCJTBBJTIwJTIwJTIwJTIwJTIwJTIwJTIwJTIwJTIwbW9iaWxlRmlyc3QlM0ElMjB0cnVlJTJDJTIwJTBBJTIwJTIwJTIwJTIwJTIwJTIwJTIwJTIwJTIwZG90cyUzQSUyMHRydWUlMkMlMEElMjAlMjAlMjAlMjAlMjAlMjAlMjAlMjAlMjBhcnJvd3MlM0ElMjBmYWxzZSUyQyUwQSUyMCUyMCUyMCUyMCUyMCUyMCUyMCUyMCUyMHJlc3BvbnNpdmUlM0ElMjAlNUIlMEElMjAlMjAlMjAlMjAlMjAlMjAlMjAlMjAlMjAlMjAlMjAlMjAlN0IlMEElMjAlMjAlMjAlMjAlMjAlMjAlMjAlMjAlMjAlMjAlMjAlMjAlMjAlMjAlMjBicmVha3BvaW50JTNBJTIwNzY4JTJDJTBBJTIwJTIwJTIwJTIwJTIwJTIwJTIwJTIwJTIwJTIwJTIwJTIwJTIwJTIwJTIwc2V0dGluZ3MlM0ElMjAlMjJ1bnNsaWNrJTIyJTBBJTIwJTIwJTIwJTIwJTIwJTIwJTIwJTIwJTIwJTIwJTIwJTIwJTdEJTBBJTIwJTIwJTIwJTIwJTIwJTIwJTIwJTIwJTIwJTVEJTBBJTIwJTIwJTIwJTIwJTIwJTIwJTdEJTI5JTNCJTBBJTIwJTIwJTIwJTIwJTdEJTI5JTNCJTBBJTNDJTJGc2NyaXB0JTNF[\/vc_raw_js][\/vc_column][\/vc_row][vc_row][vc_column][\/vc_column][\/vc_row]<\/p>\n","protected":false},"excerpt":{"rendered":"<p>[vc_row][vc_column][\/vc_column][\/vc_row][vc_row simple_background_color=&#8221;#ffffff&#8221; css=&#8221;.vc_custom_1675228505460{background-color: #ffffff !important;}&#8221; el_id=&#8221;carousel_first&#8221;][vc_column css=&#8221;.vc_custom_1655535798804{background-color: #ffffff !important;}&#8221;][vc_row_inner row_content_width=&#8221;grid&#8221;][vc_column_inner width=&#8221;5\/12&#8243; css=&#8221;.vc_custom_1655749132496{padding-right: 30px !important;padding-bottom: 50px !important;padding-left: 30px !important;}&#8221;][vc_empty_space][vc_empty_space height=&#8221;10px&#8221;][vc_column_text] Para que un espacio sea trascendente; debe hacer mucho m\u00e1s que solo transformar la ciudad, debe ser parte de la vida [&hellip;]<\/p>\n","protected":false},"author":4,"featured_media":0,"parent":0,"menu_order":0,"comment_status":"closed","ping_status":"closed","template":"full-width.php","meta":{"_seopress_robots_primary_cat":"","inline_featured_image":false},"acf":[],"lang":"es","translations":{"es":6526},"pll_sync_post":[],"_links":{"self":[{"href":"https:\/\/clientes.burns.pe\/urbanova\/wp-json\/wp\/v2\/pages\/6526"}],"collection":[{"href":"https:\/\/clientes.burns.pe\/urbanova\/wp-json\/wp\/v2\/pages"}],"about":[{"href":"https:\/\/clientes.burns.pe\/urbanova\/wp-json\/wp\/v2\/types\/page"}],"author":[{"embeddable":true,"href":"https:\/\/clientes.burns.pe\/urbanova\/wp-json\/wp\/v2\/users\/4"}],"replies":[{"embeddable":true,"href":"https:\/\/clientes.burns.pe\/urbanova\/wp-json\/wp\/v2\/comments?post=6526"}],"version-history":[{"count":89,"href":"https:\/\/clientes.burns.pe\/urbanova\/wp-json\/wp\/v2\/pages\/6526\/revisions"}],"predecessor-version":[{"id":13171,"href":"https:\/\/clientes.burns.pe\/urbanova\/wp-json\/wp\/v2\/pages\/6526\/revisions\/13171"}],"wp:attachment":[{"href":"https:\/\/clientes.burns.pe\/urbanova\/wp-json\/wp\/v2\/media?parent=6526"}],"curies":[{"name":"wp","href":"https:\/\/api.w.org\/{rel}","templated":true}]}}