{"id":7749,"date":"2022-11-03T12:36:17","date_gmt":"2022-11-03T17:36:17","guid":{"rendered":"https:\/\/clientes.burns.pe\/urbanova\/?page_id=7749"},"modified":"2025-10-06T11:20:51","modified_gmt":"2025-10-06T16:20:51","slug":"libro-de-reclamaciones","status":"publish","type":"page","link":"https:\/\/clientes.burns.pe\/urbanova\/libro-de-reclamaciones\/","title":{"rendered":"Libro de reclamaciones"},"content":{"rendered":"<p>[vc_row][vc_column][vc_empty_space height=&#8221;70px&#8221;]<div class=\"eltdf-separator-holder clearfix   eltdf-separator-full-width\">\n\t<div class=\"eltdf-separator\" style=\"border-color: #bfbfbf;border-style: solid;border-bottom-width: 1px\"><\/div>\n<\/div>\n[\/vc_column][\/vc_row][vc_row][vc_column][vc_empty_space height=&#8221;30px&#8221;][vc_row_inner row_content_width=&#8221;grid&#8221;][vc_column_inner width=&#8221;1\/6&#8243;][\/vc_column_inner][vc_column_inner width=&#8221;2\/3&#8243;]<div class=\"eltdf-section-title-holder  eltdf-st-standard eltdf-st-title-left eltdf-st-normal-space \" style=\"text-align: center\">\n\t<div class=\"eltdf-st-inner\">\n\t\t\t\t\t<h1 class=\"eltdf-st-title\" style=\"color: #00327e\">\n\t\t\t\tLibro de reclamaciones\t\t\t<\/h1>\n\t\t\t\t\t\t\t\t\t<p class=\"eltdf-st-text\" style=\"color: #00327e\">\n\t\t\t\tEn cumplimiento de lo dispuesto en la Ley N\u00b0 29571 (C\u00f3digo de Defensa y Protecci\u00f3n al Consumidor), as\u00ed como en el Decreto Supremo N\u00b0 0011-2011-PCM y sus modificatorias, este establecimiento cuenta con un Libro de Reclamaciones Virtual a su disposici\u00f3n.\t\t\t<\/p>\n\t\t\t<\/div>\n<\/div>[\/vc_column_inner][vc_column_inner width=&#8221;1\/6&#8243;][\/vc_column_inner][\/vc_row_inner][\/vc_column][\/vc_row][vc_row][vc_column el_class=&#8221;boxes_blue&#8221;][vc_empty_space height=&#8221;50px&#8221;][vc_row_inner equal_height=&#8221;yes&#8221; content_placement=&#8221;middle&#8221; gap=&#8221;30&#8243; row_content_width=&#8221;grid&#8221;][vc_column_inner width=&#8221;1\/2&#8243; css=&#8221;.vc_custom_1671600162472{padding-top: 20px !important;padding-right: 30px !important;padding-bottom: 20px !important;padding-left: 30px !important;background-color: #00327e !important;}&#8221;]<div class=\"eltdf-section-title-holder  eltdf-st-standard eltdf-st-title-left eltdf-st-normal-space \" >\n\t<div class=\"eltdf-st-inner\">\n\t\t\t\t\t<h1 class=\"eltdf-st-title\" style=\"color: #ffffff\">\n\t\t\t\tQueja:\t\t\t<\/h1>\n\t\t\t\t\t\t\t\t\t<p class=\"eltdf-st-text\" style=\"color: #ffffff\">\n\t\t\t\tDisconformidad no relacionada a los productos o servicios; o, malestar o descontento respecto a la atenci\u00f3n al p\u00fablico.\t\t\t<\/p>\n\t\t\t<\/div>\n<\/div>[\/vc_column_inner][vc_column_inner width=&#8221;1\/2&#8243; css=&#8221;.vc_custom_1671600156753{padding-top: 20px !important;padding-right: 30px !important;padding-bottom: 20px !important;padding-left: 30px !important;background-color: #00327e !important;}&#8221;]<div class=\"eltdf-section-title-holder  eltdf-st-standard eltdf-st-title-left eltdf-st-normal-space \" >\n\t<div class=\"eltdf-st-inner\">\n\t\t\t\t\t<h1 class=\"eltdf-st-title\" style=\"color: #ffffff\">\n\t\t\t\tReclamo:\t\t\t<\/h1>\n\t\t\t\t\t\t\t\t\t<p class=\"eltdf-st-text\" style=\"color: #ffffff\">\n\t\t\t\tDisconformidad relacionada a los productos o servicios.\t\t\t<\/p>\n\t\t\t<\/div>\n<\/div>[\/vc_column_inner][\/vc_row_inner][vc_empty_space height=&#8221;50px&#8221;][\/vc_column][\/vc_row][vc_row css=&#8221;.vc_custom_1667506234297{padding-right: 25px !important;padding-left: 25px !important;}&#8221;][vc_column][vc_row_inner row_content_width=&#8221;grid&#8221;][vc_column_inner]<div class=\"eltdf-separator-holder clearfix   eltdf-separator-full-width\">\n\t<div class=\"eltdf-separator\" style=\"border-color: #bfbfbf;border-style: solid;border-bottom-width: 1px\"><\/div>\n<\/div>\n[\/vc_column_inner][\/vc_row_inner][\/vc_column][\/vc_row][vc_row][vc_column][vc_empty_space height=&#8221;50px&#8221;]<div class=\"eltdf-section-title-holder  eltdf-st-standard eltdf-st-title-left eltdf-st-normal-space \" style=\"text-align: center\">\n\t<div class=\"eltdf-st-inner\">\n\t\t\t\t\t<h3 class=\"eltdf-st-title\" style=\"color: #00327e\">\n\t\t\t\tIND\u00cdQUENOS A QU\u00c9 ESTABLECIMIENTO DEBE IR SU QUEJA O RECLAMO\t\t\t<\/h3>\n\t\t\t\t\t\t\t<\/div>\n<\/div>[vc_empty_space height=&#8221;15px&#8221;][vc_row_inner gap=&#8221;30&#8243; row_content_width=&#8221;grid&#8221;][vc_column_inner el_class=&#8221;select-complaint-option&#8221; width=&#8221;1\/2&#8243; css=&#8221;.vc_custom_1671600193811{margin-top: 25px !important;border-top-width: 3px !important;border-right-width: 3px !important;border-bottom-width: 3px !important;border-left-width: 3px !important;padding-top: 20px !important;padding-right: 30px !important;padding-bottom: 20px !important;padding-left: 30px !important;border-left-color: #9db5e3 !important;border-left-style: solid !important;border-right-color: #9db5e3 !important;border-right-style: solid !important;border-top-color: #9db5e3 !important;border-top-style: solid !important;border-bottom-color: #9db5e3 !important;border-bottom-style: solid !important;}&#8221;]<div class=\"eltdf-single-image-holder   \">\n    <div class=\"eltdf-si-inner\" >\n                                    <img width=\"95\" height=\"46\" src=\"https:\/\/clientes.burns.pe\/urbanova\/wp-content\/uploads\/2022\/11\/rambla-icon-reclamos.jpg\" class=\"attachment-full size-full\" alt=\"\" loading=\"lazy\" \/>                        <\/div>\n<\/div>[vc_column_text el_class=&#8221;select-complaint-text&#8221;]<span style=\"color: #808285;\">La Rambla San Borja<\/span><br \/>\n<span style=\"color: #808285;\">Raz\u00f3n Social:<\/span> Inversiones San Borja S.A.<br \/>\n<span style=\"color: #808285;\">RUC:<\/span> 20100136661<br \/>\n<span style=\"color: #808285;\">Direcci\u00f3n:<\/span> Calle Las Begonias No. 415, piso 7, distrito de San Isidro, provincia y departamento de Lima.<\/p>\n<p><span style=\"color: #808285;\">La Rambla Brasil<\/span><br \/>\n<span style=\"color: #808285;\">Raz\u00f3n Social:<\/span> Inmuebles Limatambo S.A.<br \/>\n<span style=\"color: #808285;\">RUC:<\/span> 20100136318<br \/>\n<span style=\"color: #808285;\">Direcci\u00f3n:<\/span> Calle Las Begonias No. 415, piso 7, distrito de San Isidro, provincia y departamento de Lima.[\/vc_column_text][vc_column_text el_class=&#8221;select-complaint-input&#8221;]Selecciona aqu\u00ed <input id=\"dewey\" name=\"drone\" type=\"radio\" value=\"dewey\" \/>[\/vc_column_text][\/vc_column_inner][vc_column_inner el_class=&#8221;select-complaint-option&#8221; width=&#8221;1\/2&#8243; css=&#8221;.vc_custom_1671600199880{margin-top: 25px !important;border-top-width: 3px !important;border-right-width: 3px !important;border-bottom-width: 3px !important;border-left-width: 3px !important;padding-top: 20px !important;padding-right: 30px !important;padding-bottom: 20px !important;padding-left: 30px !important;border-left-color: #9db5e3 !important;border-left-style: solid !important;border-right-color: #9db5e3 !important;border-right-style: solid !important;border-top-color: #9db5e3 !important;border-top-style: solid !important;border-bottom-color: #9db5e3 !important;border-bottom-style: solid !important;}&#8221;]<div class=\"eltdf-single-image-holder   \">\n    <div class=\"eltdf-si-inner\" >\n                                    <img width=\"143\" height=\"51\" src=\"https:\/\/clientes.burns.pe\/urbanova\/wp-content\/uploads\/2022\/05\/Group.png\" class=\"attachment-thumbnail size-thumbnail\" alt=\"\" loading=\"lazy\" \/>                        <\/div>\n<\/div>[vc_column_text el_class=&#8221;select-complaint-text&#8221;]<span style=\"color: #808285;\">Raz\u00f3n Social:<\/span> Urbanova Inmobiliaria S.A.C.<br \/>\n<span style=\"color: #808285;\">Ruc:<\/span> 20551182992<br \/>\n<span style=\"color: #808285;\">Direcci\u00f3n:<\/span> Calle Las Begonias No. 415, piso 7, distrito de San Isidro, provincia y departamento de Lima[\/vc_column_text][vc_column_text el_class=&#8221;select-complaint-input&#8221;]Selecciona aqu\u00ed <input id=\"dewey\" name=\"drone\" type=\"radio\" value=\"dewey\" \/>[\/vc_column_text][\/vc_column_inner][\/vc_row_inner][vc_empty_space height=&#8221;50px&#8221;][\/vc_column][\/vc_row][vc_row css=&#8221;.vc_custom_1667506138702{padding-right: 25px !important;padding-left: 25px !important;}&#8221;][vc_column][vc_row_inner row_content_width=&#8221;grid&#8221;][vc_column_inner]<div class=\"eltdf-separator-holder clearfix   eltdf-separator-full-width\">\n\t<div class=\"eltdf-separator\" style=\"border-color: #bfbfbf;border-style: solid;border-bottom-width: 1px\"><\/div>\n<\/div>\n[\/vc_column_inner][\/vc_row_inner][\/vc_column][\/vc_row][vc_row css=&#8221;.vc_custom_1667506156659{margin-right: 25px !important;margin-left: 25px !important;}&#8221;][vc_column][vc_empty_space height=&#8221;20px&#8221;][vc_row_inner row_content_width=&#8221;grid&#8221;][vc_column_inner width=&#8221;2\/5&#8243;][vc_column_text]Hoja de Reclamaci\u00f3n N\u00ba RV 00000018[\/vc_column_text][\/vc_column_inner][vc_column_inner width=&#8221;3\/5&#8243;][vc_column_text]<\/p>\n<ul>\n<li>Fecha de reclamo o queja: 20\/04\/2026<\/li>\n<\/ul>\n<p>[\/vc_column_text][\/vc_column_inner][\/vc_row_inner][vc_empty_space height=&#8221;25px&#8221;][\/vc_column][\/vc_row][vc_row][vc_column css=&#8221;.vc_custom_1667506085320{padding-right: 45px !important;padding-left: 45px !important;}&#8221;][vc_row_inner row_content_width=&#8221;grid&#8221; css=&#8221;.vc_custom_1667506026499{background-color: #f8f8f8 !important;}&#8221;][vc_column_inner css=&#8221;.vc_custom_1667506522153{padding-top: 30px !important;padding-right: 30px !important;padding-bottom: 30px !important;padding-left: 30px !important;}&#8221;]<div role=\"form\" class=\"wpcf7\" id=\"wpcf7-f7499-o1\" lang=\"es-PE\" dir=\"ltr\">\n<div class=\"screen-reader-response\"><p role=\"status\" aria-live=\"polite\" aria-atomic=\"true\"><\/p> <ul><\/ul><\/div>\n<form action=\"\/urbanova\/wp-json\/wp\/v2\/pages\/7749#wpcf7-f7499-o1\" method=\"post\" class=\"wpcf7-form init\" novalidate=\"novalidate\" data-status=\"init\">\n<div style=\"display: none;\">\n<input type=\"hidden\" name=\"_wpcf7\" value=\"7499\" \/>\n<input type=\"hidden\" name=\"_wpcf7_version\" value=\"5.5.6\" \/>\n<input type=\"hidden\" name=\"_wpcf7_locale\" value=\"es_PE\" \/>\n<input type=\"hidden\" name=\"_wpcf7_unit_tag\" value=\"wpcf7-f7499-o1\" \/>\n<input type=\"hidden\" name=\"_wpcf7_container_post\" value=\"0\" \/>\n<input type=\"hidden\" name=\"_wpcf7_posted_data_hash\" value=\"\" \/>\n<input type=\"hidden\" name=\"_wpcf7_recaptcha_response\" value=\"\" \/>\n<\/div>\n<div class=\"ms-contact-form ms-contact-form--complaints\">\n<div class=\"ms-wrapper\">\n<div class=\"ms-wrapper-title ms-item -full\">\n<h4>1. Identificaci\u00f3n del consumidor reclamante<\/h4>\n<\/div>\n<div class=\"ms-item\">\n      <span class=\"wpcf7-form-control-wrap first-name\"><input type=\"text\" name=\"first-name\" value=\"\" size=\"40\" class=\"wpcf7-form-control wpcf7-text wpcf7-validates-as-required\" aria-required=\"true\" aria-invalid=\"false\" placeholder=\"Nombres*\" \/><\/span>\n    <\/div>\n<div class=\"ms-item\">\n      <span class=\"wpcf7-form-control-wrap last-name\"><input type=\"text\" name=\"last-name\" value=\"\" size=\"40\" class=\"wpcf7-form-control wpcf7-text wpcf7-validates-as-required\" aria-required=\"true\" aria-invalid=\"false\" placeholder=\"Apellidos*\" \/><\/span>\n    <\/div>\n<div class=\"ms-item -full\">\n      <span class=\"wpcf7-form-control-wrap address\"><input type=\"text\" name=\"address\" value=\"\" size=\"40\" class=\"wpcf7-form-control wpcf7-text wpcf7-validates-as-required\" aria-required=\"true\" aria-invalid=\"false\" placeholder=\"Domicilio*\" \/><\/span>\n    <\/div>\n<div class=\"ms-item\">\n      <span class=\"wpcf7-form-control-wrap email\"><input type=\"email\" name=\"email\" value=\"\" size=\"40\" class=\"wpcf7-form-control wpcf7-text wpcf7-email wpcf7-validates-as-required wpcf7-validates-as-email\" aria-required=\"true\" aria-invalid=\"false\" placeholder=\"Correo electr\u00f3nico*\" \/><\/span>\n    <\/div>\n<div class=\"ms-item\">\n      <span class=\"wpcf7-form-control-wrap phone-number\"><input type=\"tel\" name=\"phone-number\" value=\"\" size=\"40\" class=\"wpcf7-form-control wpcf7-text wpcf7-tel wpcf7-validates-as-required wpcf7-validates-as-tel\" aria-required=\"true\" aria-invalid=\"false\" placeholder=\"Tel\u00e9fono*\" \/><\/span>\n    <\/div>\n<div class=\"ms-item\">\n       <span class=\"wpcf7-form-control-wrap document-type\"><select name=\"document-type\" class=\"wpcf7-form-control wpcf7-select wpcf7-validates-as-required\" aria-required=\"true\" aria-invalid=\"false\"><option value=\"\">Tipo de documento*<\/option><option value=\"DNI\">DNI<\/option><option value=\"Carnet de Extranjer\u00eda\">Carnet de Extranjer\u00eda<\/option><option value=\"Pasaporte\">Pasaporte<\/option><\/select><\/span>\n     <\/div>\n<div class=\"ms-item\">\n      <span class=\"wpcf7-form-control-wrap document-number\"><input type=\"tel\" name=\"document-number\" value=\"\" size=\"40\" class=\"wpcf7-form-control wpcf7-text wpcf7-tel wpcf7-validates-as-required wpcf7-validates-as-tel\" aria-required=\"true\" aria-invalid=\"false\" placeholder=\"N\u00famero de documento\" \/><\/span>\n    <\/div>\n<div class=\"ms-item -full ms-contact-form--complaints-parent-info\">\n<div class=\"ms-contact-form--complaints-parent-info-text\">\n        <span>Si el denunciante es menor de edad por favor llenar los datos del padre o apoderado<\/span>\n      <\/div>\n<div class=\"ms-item -full\">\n        <span class=\"wpcf7-form-control-wrap name-parent\"><input type=\"text\" name=\"name-parent\" value=\"\" size=\"40\" class=\"wpcf7-form-control wpcf7-text\" aria-invalid=\"false\" placeholder=\"Padre o madre (para el caso de menores de edad)\" \/><\/span>\n      <\/div>\n<div class=\"ms-item -full\">\n        <span class=\"wpcf7-form-control-wrap address-parent\"><input type=\"text\" name=\"address-parent\" value=\"\" size=\"40\" class=\"wpcf7-form-control wpcf7-text\" aria-invalid=\"false\" placeholder=\"Direcci\u00f3n\" \/><\/span>\n      <\/div>\n<div class=\"ms-item\">\n        <span class=\"wpcf7-form-control-wrap phone-number-parent\"><input type=\"tel\" name=\"phone-number-parent\" value=\"\" size=\"40\" class=\"wpcf7-form-control wpcf7-text wpcf7-tel wpcf7-validates-as-tel\" aria-invalid=\"false\" placeholder=\"Tel\u00e9fono\" \/><\/span>\n      <\/div>\n<div class=\"ms-item\">\n        <span class=\"wpcf7-form-control-wrap email-parent\"><input type=\"email\" name=\"email-parent\" value=\"\" size=\"40\" class=\"wpcf7-form-control wpcf7-text wpcf7-email wpcf7-validates-as-email\" aria-invalid=\"false\" placeholder=\"Correo electr\u00f3nico\" \/><\/span>\n      <\/div>\n<\/div>\n<div class=\"ms-wrapper-title ms-item -full\">\n<h4>2. Identificaci\u00f3n del bien contratado<\/h4>\n<\/div>\n<div class=\"ms-wrapper-item--radio\">\n      <span class=\"wpcf7-form-control-wrap type-service-info\"><span class=\"wpcf7-form-control wpcf7-radio\"><span class=\"wpcf7-list-item first\"><input type=\"radio\" name=\"type-service-info\" value=\"Producto\" \/><span class=\"wpcf7-list-item-label\">Producto<\/span><\/span><span class=\"wpcf7-list-item last\"><input type=\"radio\" name=\"type-service-info\" value=\"Servicio\" \/><span class=\"wpcf7-list-item-label\">Servicio<\/span><\/span><\/span><\/span>\n    <\/div>\n<div class=\"ms-item\">\n      <span class=\"wpcf7-form-control-wrap amount-info\"><input type=\"text\" name=\"amount-info\" value=\"\" size=\"40\" class=\"wpcf7-form-control wpcf7-text\" aria-invalid=\"false\" placeholder=\"Monto reclamado*\" \/><\/span>\n    <\/div>\n<div class=\"ms-item\">\n      <span class=\"wpcf7-form-control-wrap description-info\"><input type=\"text\" name=\"description-info\" value=\"\" size=\"40\" class=\"wpcf7-form-control wpcf7-text\" aria-invalid=\"false\" placeholder=\"Descripci\u00f3n*\" \/><\/span>\n    <\/div>\n<div class=\"ms-wrapper-title ms-item -full\">\n<h4>3. Detalle de la reclamaci\u00f3n y pedido del consumidor<\/h4>\n<\/div>\n<div class=\"ms-wrapper-item--radio\">\n      <span class=\"wpcf7-form-control-wrap type-complaints\"><span class=\"wpcf7-form-control wpcf7-radio\"><span class=\"wpcf7-list-item first\"><input type=\"radio\" name=\"type-complaints\" value=\"Reclamo\" \/><span class=\"wpcf7-list-item-label\">Reclamo<\/span><\/span><span class=\"wpcf7-list-item last\"><input type=\"radio\" name=\"type-complaints\" value=\"Queja\" \/><span class=\"wpcf7-list-item-label\">Queja<\/span><\/span><\/span><\/span>\n    <\/div>\n<div class=\"ms-item -full\">\n      <span class=\"wpcf7-form-control-wrap detail-complaints\"><textarea name=\"detail-complaints\" cols=\"40\" rows=\"10\" class=\"wpcf7-form-control wpcf7-textarea\" aria-invalid=\"false\" placeholder=\"Detalles*\"><\/textarea><\/span>\n    <\/div>\n<div class=\"ms-item -full\">\n      <span class=\"wpcf7-form-control-wrap order-complaints\"><textarea name=\"order-complaints\" cols=\"40\" rows=\"10\" class=\"wpcf7-form-control wpcf7-textarea\" aria-invalid=\"false\" placeholder=\"Pedido*\"><\/textarea><\/span>\n    <\/div>\n<div class=\"ms-item\">\n  <label for=\"signature-604\" style=\"display: block; margin-bottom: 10px; font-weight: bold; color: #333;\"><br \/>\n    Firma del Consumidor *<br \/>\n  <\/label><\/p>\n<div style=\"margin-bottom: 8px; color: #666; font-size: 14px;\">\n    Por favor, firme en el \u00e1rea below para validar su reclamo\n  <\/div>\n<div class=\"dscf7_signature\">\n\t\t\t<div class=\"dscf7_signature_inner\">\n\t\t\t\t<canvas id=\"digital_signature-pad_signature-604\" name=\"signature-604\" class=\"digital_signature-pad\" color=\"#000000\" backcolor=\"#f5f5f5\" width=\"400\" height=\"150\"><\/canvas>\n\t\t\t\t<input class=\"clearButton\" type=\"button\" value=\"+\">\n\t\t\t<\/div>\n\t\t\t<span class=\"wpcf7-form-control-wrap signature-604\">\n\t\t\t\t<input type=\"hidden\" name=\"signature-604\" value=\"\" class=\"wpcf7-form-control wpcf7-signaturewpcf7-validates-as-signaturedscf7-signature\"\/>\n\t\t\t\t<input type=\"hidden\" name=\"signature-604-attachment\" value=\"\" class=\"wpcf7_input_signature-604_attachment\"\/>\n\t\t\t\t<input type=\"hidden\" name=\"signature-604-inline\" value=\"\" class=\"wpcf7_input_signature-604_inline\"\/>\n\t\t\t<\/span>\n\t\t<\/div>\n<div style=\"margin-top: 8px; color: #888; font-size: 12px;\">\n    Haga clic y arrastre para firmar | * Campo obligatorio\n  <\/div>\n<\/div>\n<div class=\"ms-item -full -acceptances-inputs\">\n<p>      <span class=\"wpcf7-form-control-wrap policy-privacy\"><span class=\"wpcf7-form-control wpcf7-acceptance\"><span class=\"wpcf7-list-item\"><label><input type=\"checkbox\" name=\"policy-privacy\" value=\"1\" aria-invalid=\"false\" \/><span class=\"wpcf7-list-item-label\">He leido y acepto la <a style=\"text-decoration: underline;color: #00327e;\" href=\"https:\/\/clientes.burns.pe\/urbanova\/wp-content\/uploads\/2025\/04\/Politica-de-privacidad-general-URBANOVA.pdf\" target=\"_blank\">Pol\u00edtica de Privacidad<\/a>.<\/span><\/label><\/span><\/span><\/span>\n    <\/div>\n<div>\n\n<\/div>\n<div class=\"ms-wrapper-btn\">\n      <input type=\"submit\" value=\"Enviar\" class=\"wpcf7-form-control has-spinner wpcf7-submit\" id=\"registro\" \/>\n    <\/div>\n<\/div>\n<\/div>\n<div class=\"wpcf7-response-output\" aria-hidden=\"true\"><\/div><\/form><\/div>[\/vc_column_inner][\/vc_row_inner][\/vc_column][\/vc_row][vc_row][vc_column css=&#8221;.vc_custom_1667506085320{padding-right: 45px !important;padding-left: 45px !important;}&#8221;][vc_row_inner row_content_width=&#8221;grid&#8221; css=&#8221;.vc_custom_1672966327037{background-color: #ffffff !important;}&#8221;][vc_column_inner css=&#8221;.vc_custom_1672966593639{padding-top: 60px !important;padding-right: 0px !important;padding-bottom: 55px !important;padding-left: 0px !important;}&#8221;][vc_column_text]<\/p>\n<div style=\"font-size: 12px; line-height: 15px; color: #808285;\">* Los campos indicados con asterisco son campos obligatorios.<br \/>\n* Al brindar mi correo electr\u00f3nico, autorizo a que cualquier comunicaci\u00f3n respecto al reclamo se realice a trav\u00e9s del mismo.<br \/>\n* El tratamiento de sus datos personales en este portal tiene por finalidad gestionar de manera correcta su reclamo o queja conforme a las disposiciones legales sobre la materia.<\/div>\n<div style=\"font-size: 12px; line-height: 15px; color: #808285;\">* La formulaci\u00f3n del reclamo no impide acudir a otras v\u00edas de soluci\u00f3n de controversias ni es requisito previo para interponer una denuncia ante el INDECOPI.<br \/>\n* El proveedor deber\u00e1 dar respuesta al reclamo en un plazo no mayor a quince (15) d\u00edas calendario, sin opci\u00f3n a ampliaci\u00f3n de plazo.<\/div>\n<p>[\/vc_column_text][\/vc_column_inner][\/vc_row_inner][\/vc_column][\/vc_row]<\/p>\n","protected":false},"excerpt":{"rendered":"<p>[vc_row][vc_column][vc_empty_space height=&#8221;70px&#8221;][\/vc_column][\/vc_row][vc_row][vc_column][vc_empty_space height=&#8221;30px&#8221;][vc_row_inner row_content_width=&#8221;grid&#8221;][vc_column_inner width=&#8221;1\/6&#8243;][\/vc_column_inner][vc_column_inner width=&#8221;2\/3&#8243;][\/vc_column_inner][vc_column_inner width=&#8221;1\/6&#8243;][\/vc_column_inner][\/vc_row_inner][\/vc_column][\/vc_row][vc_row][vc_column el_class=&#8221;boxes_blue&#8221;][vc_empty_space height=&#8221;50px&#8221;][vc_row_inner equal_height=&#8221;yes&#8221; content_placement=&#8221;middle&#8221; gap=&#8221;30&#8243; row_content_width=&#8221;grid&#8221;][vc_column_inner width=&#8221;1\/2&#8243; css=&#8221;.vc_custom_1671600162472{padding-top: 20px !important;padding-right: 30px !important;padding-bottom: 20px !important;padding-left: 30px !important;background-color: #00327e !important;}&#8221;][\/vc_column_inner][vc_column_inner width=&#8221;1\/2&#8243; css=&#8221;.vc_custom_1671600156753{padding-top: 20px !important;padding-right: 30px !important;padding-bottom: 20px !important;padding-left: 30px !important;background-color: #00327e !important;}&#8221;][\/vc_column_inner][\/vc_row_inner][vc_empty_space height=&#8221;50px&#8221;][\/vc_column][\/vc_row][vc_row css=&#8221;.vc_custom_1667506234297{padding-right: 25px [&hellip;]<\/p>\n","protected":false},"author":4,"featured_media":0,"parent":0,"menu_order":0,"comment_status":"closed","ping_status":"closed","template":"full-width.php","meta":{"_seopress_robots_primary_cat":"","inline_featured_image":false},"acf":[],"lang":"es","translations":{"es":7749},"pll_sync_post":[],"_links":{"self":[{"href":"https:\/\/clientes.burns.pe\/urbanova\/wp-json\/wp\/v2\/pages\/7749"}],"collection":[{"href":"https:\/\/clientes.burns.pe\/urbanova\/wp-json\/wp\/v2\/pages"}],"about":[{"href":"https:\/\/clientes.burns.pe\/urbanova\/wp-json\/wp\/v2\/types\/page"}],"author":[{"embeddable":true,"href":"https:\/\/clientes.burns.pe\/urbanova\/wp-json\/wp\/v2\/users\/4"}],"replies":[{"embeddable":true,"href":"https:\/\/clientes.burns.pe\/urbanova\/wp-json\/wp\/v2\/comments?post=7749"}],"version-history":[{"count":45,"href":"https:\/\/clientes.burns.pe\/urbanova\/wp-json\/wp\/v2\/pages\/7749\/revisions"}],"predecessor-version":[{"id":13018,"href":"https:\/\/clientes.burns.pe\/urbanova\/wp-json\/wp\/v2\/pages\/7749\/revisions\/13018"}],"wp:attachment":[{"href":"https:\/\/clientes.burns.pe\/urbanova\/wp-json\/wp\/v2\/media?parent=7749"}],"curies":[{"name":"wp","href":"https:\/\/api.w.org\/{rel}","templated":true}]}}